{"id":52,"date":"2015-06-16T21:19:43","date_gmt":"2015-06-16T21:19:43","guid":{"rendered":"http:\/\/netplus.sk\/?page_id=52"},"modified":"2018-08-05T14:00:55","modified_gmt":"2018-08-05T14:00:55","slug":"netplus","status":"publish","type":"page","link":"https:\/\/netplus.sk\/index.php\/netplus\/","title":{"rendered":"O n\u00e1s"},"content":{"rendered":"<p style=\"text-align: justify;\"><img loading=\"lazy\" decoding=\"async\" class=\"alignleft size-full wp-image-364\" src=\"http:\/\/netplus.sk\/wp-content\/uploads\/2015\/12\/blue-globe.png\" alt=\"blue-globe\" width=\"100\" height=\"100\" \/><em>Zameriavame sa na poskytovanie slu\u017eieb v oblasti sie\u0165ov\u00fdch technol\u00f3gi\u00ed a to najm\u00e4 projektovan\u00edm, implement\u00e1ciou a spr\u00e1vou firemn\u00fdch po\u010d\u00edta\u010dov\u00fdch siet\u00ed. Firma Netplus realizuje dizajn, in\u0161tal\u00e1ciu, konfigur\u00e1ciu i servis dr\u00f4tov\u00fdch a bezdr\u00f4tov\u00fdch lok\u00e1lnych siet\u00ed, internetov\u00fdch a cloudov\u00fdch pripojen\u00ed, firewallov a in\u00fdch bezpe\u010dnostn\u00fdch zariaden\u00ed. V\u010faka na\u0161emu priam rodinn\u00e9mu pr\u00edstupu zist\u00edte, \u017ee na v\u0161etkom sa d\u00e1 dohodn\u00fa\u0165 a pre ka\u017ed\u00fd probl\u00e9m existuje rie\u0161enie. Uvid\u00edte, \u017ee dostoj\u00edme svojho mena a budeme obrovsk\u00e9 PLUS pre v\u00e1s a v\u00e1\u0161 biznis.<\/em><\/p>\n<div class='content-column one_fifth'><p style=\"text-align: center; color: #64DBB7;\"><span style=\"font-size: 24pt;\"><span class=\"wp-svg-connection connection\"><\/span><\/span><br \/>\n<strong>WLAN<\/strong><\/p><\/div>\n<div class='content-column one_fifth'><p style=\"text-align: center; color: #44E5E7;\"><span style=\"font-size: 24pt;\"><span class=\"wp-svg-tree tree\"><\/span><\/span><br \/>\n<strong>LAN<\/strong><\/p><\/div>\n<div class='content-column one_fifth'><p style=\"text-align: center; color: #59D2FE;\"><span style=\"font-size: 24pt;\"><span class=\"wp-svg-globe globe\"><\/span><\/span><br \/>\n<strong>WAN<\/strong><\/p><\/div>\n<div class='content-column one_fifth'><p style=\"text-align: center; color: #4A8FE7;\"><span style=\"font-size: 24pt;\"><span class=\"wp-svg-lock lock\"><\/span><\/span><br \/>\n<strong>Bezpe\u010dnos\u0165<\/strong><\/p><\/div>\n<div class='content-column one_fifth last_column'><p style=\"text-align: center; color: #455CC1;\"><span style=\"font-size: 24pt;\"><span class=\"wp-svg-cloud cloud\"><\/span><\/span><br \/>\n<strong>Cloud<\/strong><\/p><\/div><div class='clear_column'><\/div>\n<p style=\"text-align: justify;\">Na\u0161a \u0161pecializ\u00e1cia s\u00fa <strong>bezdr\u00f4tov\u00e9 (WLAN) siete<\/strong>, ktor\u00fdm sa venujeme prioritne a dovol\u00edme si tvrdi\u0165, \u017ee v tejto oblasti n\u00e1m m\u00f4\u017ee na Slovensku konkurova\u0165 m\u00e1lokto. Pri technickej realiz\u00e1cii sa spoliehame na produkty firmy Aruba, svetov\u00e9ho l\u00eddra vo wireless technol\u00f3giach, ktor\u00e9 s\u00fa z\u00e1rukou bezprobl\u00e9movej dlhoro\u010dnej prev\u00e1dzky a \u0161irok\u00e9ho spektra u\u017e\u00edvate\u013esk\u00fdch funkci\u00ed. Venujeme sa samozrejme aj ostatn\u00fdm aspektom a komponentom funguj\u00facej siete, \u010di u\u017e s\u00fa to tradi\u010dn\u00e9 <strong>lok\u00e1lne (LAN) siete<\/strong>, ktor\u00e9 zohr\u00e1vaj\u00fa k\u013e\u00fa\u010dov\u00fa rolu pri serverov\u00fdch prepojeniach a smerovan\u00ed medzi WLANami, <strong>Internetov\u00e9 (WAN) pripojenia<\/strong>, ktor\u00e9 sa st\u00e1vaj\u00fa v dobe cloudov a webov\u00fdch aplik\u00e1ci\u00ed kritick\u00e9 a neust\u00e1le sa zvy\u0161uj\u00fa po\u017eiadavky na ich \u0161\u00edrku p\u00e1sma a 100 % dostupnos\u0165, zariadenia na <strong>zabezpe\u010denie<\/strong> bezpe\u010dnej siete a VPN pr\u00edstupu alebo <strong>cloudov\u00e9 slu\u017eby<\/strong>.<\/p>\n<p>&nbsp;<\/p>\n<p style=\"text-align: justify;\"><img loading=\"lazy\" decoding=\"async\" class=\"alignleft size-full wp-image-361\" src=\"http:\/\/netplus.sk\/wp-content\/uploads\/2015\/12\/blue-box.png\" alt=\"blue-box\" width=\"100\" height=\"100\" \/><em>Zabezpe\u010dujeme kompletn\u00fd servis od n\u00e1vrhnu cez realiz\u00e1ciu a\u017e po prev\u00e1dzku a \u00fadr\u017ebu firemn\u00fdch siet\u00ed od t\u00fdch najmen\u0161\u00edch s jedn\u00fdm zariaden\u00edm, a\u017e po tie najv\u00e4\u010d\u0161ie, komplexn\u00e9 so stovkami komponentov. Sme schopn\u00ed v\u00e1m pon\u00faknu\u0165 optim\u00e1lne, na mieru \u0161it\u00e9 rie\u0161enia za kr\u00e1tky \u010das a rozumn\u00e9 n\u00e1klady. \u010ci u\u017e za\u010d\u00ednate stava\u0165 na zelenej l\u00fake a vy\u017eaduje si kompletn\u00fd servis, ste zabehnut\u00fd podnik, ktor\u00fd h\u013ead\u00e1 cestu ako zoptimalizova\u0165 st\u00e1vajuc\u00fa infra\u0161trukt\u00faru alebo len potrebujete poradi\u0165 v oblasti, v ktorej sa nec\u00edtite celkom doma, sme tu pre V\u00e1s.<\/em><\/p>\n<div class='content-column one_fifth'><p style=\"text-align: center; color: #59D2FE;\"><span style=\"font-size: 24pt;\"><span class=\"wp-svg-bubbles-4 bubbles-4\"><\/span><\/span><br \/>\n<strong>Konzult\u00e1cie<\/strong><\/p><\/div>\n<div class='content-column one_fifth'><p style=\"text-align: center; color: #64DBB7;\"><span style=\"font-size: 24pt;\"><span class=\"wp-svg-pencil pencil\"><\/span><\/span><br \/>\n<strong>Dizajn<\/strong><\/p><\/div>\n<div class='content-column one_fifth'><p style=\"text-align: center; color: #455CC1;\"><span style=\"font-size: 24pt;\"><span class=\"wp-svg-wrench wrench\"><\/span><\/span><br \/>\n<strong>Implement\u00e1cie<\/strong><\/p><\/div>\n<div class='content-column one_fifth'><p style=\"text-align: center; color: #44E5E7;\"><span style=\"font-size: 24pt;\"><span class=\"wp-svg-stats stats\"><\/span><\/span><br \/>\n<strong>Monitoring<\/strong><\/p><\/div>\n<div class='content-column one_fifth last_column'><p style=\"text-align: center; color: #4A8FE7;\"><span style=\"font-size: 24pt;\"><span class=\"wp-svg-equalizer equalizer\"><\/span><\/span><br \/>\n<strong>\u0160k\u00e1lovanie<\/strong><\/p><\/div><div class='clear_column'><\/div>\n<p style=\"text-align: justify;\">Na\u0161a pr\u00e1ca za\u010d\u00edna v momente, ke\u010f zist\u00edte, \u017ee sie\u0165 sa v\u00e1m vymyk\u00e1 z pod kontroly, v\u00fdpadky s\u00fa na dennom poriadku, str\u00e1cate predstavu ako to u v\u00e1s funguje a napriek invest\u00edciam do IT infra\u0161trukt\u00fary ste sa nedo\u010dkali o\u010dak\u00e1van\u00e9ho zlep\u0161enia. Va\u0161u sie\u0165 podrob\u00edme detailn\u00e9mu auditu, identifikujeme nedostatky a slab\u00e9 miesta v sieti a navrhneme v\u00e1m n\u00e1pravu. Priprav\u00edme kompletn\u00fd dizajn siete, pom\u00f4\u017eeme v\u00e1m s v\u00fdberom optim\u00e1lneho hardv\u00e9ru s oh\u013eadom na po\u017eiadavky ale i cenu. Cel\u00fa infra\u0161trukt\u00faru zapoj\u00edme a nakonfigurujeme, priprav\u00edme podrobn\u00fa dokument\u00e1ciu vr\u00e1tane sie\u0165ovej mapy a invent\u00e1ru hardv\u00e9ru a softv\u00e9ru. Nastav\u00edme monitoring, za\u0161kol\u00edme v\u00e1\u0161 person\u00e1l a sie\u0165 odovzd\u00e1me do va\u0161\u00edch r\u00fak alebo si ju nech\u00e1me v na\u0161ej spr\u00e1ve a vy u\u017e sa viac nebudete o ni\u010d stara\u0165. <\/p>\n<p>&nbsp;<\/p>\n<p style=\"text-align: justify;\"><img loading=\"lazy\" decoding=\"async\" class=\"alignleft size-full wp-image-363\" src=\"http:\/\/netplus.sk\/wp-content\/uploads\/2015\/12\/blue-education.png\" alt=\"blue-education\" width=\"100\" height=\"100\" \/><em>M\u00e1me viac ako 15 ro\u010dn\u00e9 sk\u00fasenosti v oblasti IT technol\u00f3gi\u00ed. N\u00e1\u0161 t\u00edm tvoria \u0161pi\u010dkov\u00ed odborn\u00edci z IT sf\u00e9ry, s praxou z\u00edskanou u najv\u00e4\u010d\u0161\u00edch svetov\u00fdch firiem a korpor\u00e1cii. M\u00e1me za sebou desiatky projektov a implement\u00e1cii pre tie najn\u00e1ro\u010dnej\u0161ie projekty, sme zvyknut\u00ed na najvy\u0161\u0161ie o\u010dak\u00e1vania a vieme, \u017ee na\u0161a pr\u00e1ca kon\u010d\u00ed len vtedy, ke\u010f dosiahneme maxim\u00e1lnu spokojnos\u0165 z\u00e1kazn\u00edka. Na\u0161e vedomosti a poznatky m\u00e1me potvrden\u00e9 najprest\u00ed\u017enej\u0161\u00edmi certifik\u00e1tmi, ktor\u00e9 si udr\u017eujeme s\u00fastavn\u00fdm \u0161kolen\u00edm a vzdel\u00e1van\u00edm.<\/em><\/p>\n<p style=\"text-align: center;\"><strong>To najd\u00f4le\u017eitej\u0161ie v\u0161ak je, \u017ee v\u0161etko \u010do rob\u00edme, rob\u00edme so srdcom.<\/strong><\/p>\n<p><img loading=\"lazy\" decoding=\"async\" class=\"aligncenter size-full wp-image-367\" src=\"http:\/\/netplus.sk\/wp-content\/uploads\/2015\/06\/silicon-heart.png\" alt=\"silicon-heart\" width=\"200\" height=\"173\" \/><\/p>\n","protected":false},"excerpt":{"rendered":"<p>Zameriavame sa na poskytovanie slu\u017eieb v oblasti sie\u0165ov\u00fdch technol\u00f3gi\u00ed a to najm\u00e4 projektovan\u00edm, implement\u00e1ciou a spr\u00e1vou firemn\u00fdch po\u010d\u00edta\u010dov\u00fdch siet\u00ed. Firma Netplus realizuje dizajn, in\u0161tal\u00e1ciu, konfigur\u00e1ciu i servis dr\u00f4tov\u00fdch a bezdr\u00f4tov\u00fdch lok\u00e1lnych siet\u00ed, internetov\u00fdch a cloudov\u00fdch pripojen\u00ed, firewallov a in\u00fdch bezpe\u010dnostn\u00fdch zariaden\u00ed. V\u010faka na\u0161emu priam rodinn\u00e9mu pr\u00edstupu zist\u00edte, \u017ee na v\u0161etkom sa d\u00e1 dohodn\u00fa\u0165 a pre ka\u017ed\u00fd probl\u00e9m existuje rie\u0161enie. Uvid\u00edte, \u017ee dostoj\u00edme svojho mena a budeme obrovsk\u00e9 PLUS pre v\u00e1s a v\u00e1\u0161 biznis. Na\u0161a \u0161pecializ\u00e1cia s\u00fa bezdr\u00f4tov\u00e9 (WLAN) siete, ktor\u00fdm sa venujeme prioritne a dovol\u00edme si tvrdi\u0165, \u017ee v tejto oblasti n\u00e1m m\u00f4\u017ee na Slovensku konkurova\u0165 m\u00e1lokto. Pri technickej realiz\u00e1cii <a href=\"https:\/\/netplus.sk\/index.php\/netplus\/\" class=\"read-more\">viac &#8230;<\/a><\/p>\n","protected":false},"author":1,"featured_media":0,"parent":0,"menu_order":3,"comment_status":"closed","ping_status":"closed","template":"","meta":{"footnotes":""},"class_list":["post-52","page","type-page","status-publish","hentry"],"_links":{"self":[{"href":"https:\/\/netplus.sk\/index.php\/wp-json\/wp\/v2\/pages\/52","targetHints":{"allow":["GET"]}}],"collection":[{"href":"https:\/\/netplus.sk\/index.php\/wp-json\/wp\/v2\/pages"}],"about":[{"href":"https:\/\/netplus.sk\/index.php\/wp-json\/wp\/v2\/types\/page"}],"author":[{"embeddable":true,"href":"https:\/\/netplus.sk\/index.php\/wp-json\/wp\/v2\/users\/1"}],"replies":[{"embeddable":true,"href":"https:\/\/netplus.sk\/index.php\/wp-json\/wp\/v2\/comments?post=52"}],"version-history":[{"count":154,"href":"https:\/\/netplus.sk\/index.php\/wp-json\/wp\/v2\/pages\/52\/revisions"}],"predecessor-version":[{"id":1365,"href":"https:\/\/netplus.sk\/index.php\/wp-json\/wp\/v2\/pages\/52\/revisions\/1365"}],"wp:attachment":[{"href":"https:\/\/netplus.sk\/index.php\/wp-json\/wp\/v2\/media?parent=52"}],"curies":[{"name":"wp","href":"https:\/\/api.w.org\/{rel}","templated":true}]}}