{"id":40,"date":"2015-06-15T21:49:59","date_gmt":"2015-06-15T21:49:59","guid":{"rendered":"http:\/\/netplus.sk\/?page_id=40"},"modified":"2022-09-05T08:53:42","modified_gmt":"2022-09-05T08:53:42","slug":"sluzby","status":"publish","type":"page","link":"https:\/\/netplus.sk\/index.php\/sluzby\/","title":{"rendered":"Slu\u017eby"},"content":{"rendered":"<h2 style=\"color: #000000;\">Wireless slu\u017eby<\/h2>\n<p><img loading=\"lazy\" decoding=\"async\" class=\"alignleft size-full wp-image-593\" src=\"http:\/\/netplus.sk\/wp-content\/uploads\/2018\/07\/compas-blue.png\" alt=\"kompas-blue\" width=\"100\" height=\"100\" \/><\/p>\n<p> Wireless slu\u017eby s\u00fa na\u0161a \u0161pecialita a venujeme sa im prioritne. Na\u0161\u00edm prvorad\u00fdm cie\u013eom je prinies\u0165 do ka\u017edej firmy bezdr\u00f4tov\u00fa sie\u0165, ktor\u00e1 nebude pre tradi\u010dn\u00fd ethernet iba konkurenciou, ale tak\u00fa sie\u0165 ktor\u00e1 ho prekon\u00e1, \u010di u\u017e po str\u00e1nke komfortu, r\u00fdchlosti a spo\u013eahlivosti, ale aj str\u00e1nke finan\u010dnej \u00faspory a implementa\u010dn\u00fdch n\u00e1kladov. Prin\u00e1\u0161ame rie\u0161enia vhodn\u00e9 pre najmen\u0161ie firmy s nieko\u013eko m\u00e1lo zamestnancami, cez stredn\u00e9 firmy a\u017e po najv\u00e4\u010d\u0161ie korpor\u00e1cie so stovkami u\u017e\u00edvate\u013eov.<\/p>\n<div class='content-column one_third'><p style=\"text-align: justify; padding: 15px;\"><span style=\"text-align: left; color: #0E7C7B;\"><strong><span class=\"wp-svg-compass compass\"><\/span>&nbsp; \u0160pecifik\u00e1cia po\u017eiadaviek<\/strong><\/span><br \/>\n<span style=\"color: #000000;\">Jasn\u00e9 zadefinovanie po\u017eiadaviek a o\u010dak\u00e1van\u00ed, \u0161peci\u00e1lne oh\u013eadom pokrytia a prenosovej r\u00fdchlosti<\/span><\/p><\/div>\n<div class='content-column one_third'><p style=\"text-align: justify; padding: 15px;\"><span style=\"text-align: left; color: #0E7C7B;\"><strong><span class=\"wp-svg-cart-2 cart-2\"><\/span>&nbsp; Identifik\u00e1cia a zabezpe\u010denie hardv\u00e9ru<\/strong><\/span><br \/>\n<span style=\"color: #000000;\">Vypracovanie a navrhnutie optim\u00e1lneho zlo\u017eenia a n\u00e1sledneho prepojenia siete<\/span><\/p><\/div>\n<div class='content-column one_third last_column'><p style=\"text-align: justify; padding: 15px;\"><span style=\"text-align: left; color: #0E7C7B;\"><strong><span class=\"wp-svg-location location\"><\/span> &nbsp;Site survey a dizajn<\/strong><\/span><br \/>\n<span style=\"color: #000000;\">Napl\u00e1novanie umiestnenia Access Pointov a \u010fal\u0161\u00edch sie\u0165ov\u00fdch prvkov, n\u00e1vrh siete<\/span><\/p><\/div><div class='clear_column'><\/div>\n<div class='content-column one_third'><p style=\"text-align: justify; padding: 15px;\"><span style=\"text-align: left; color: #0E7C7B;\"><strong><span class=\"wp-svg-wrench wrench\"><\/span> &nbsp; Implement\u00e1cia a konfigur\u00e1cia<\/strong><\/span><br \/>\n<span style=\"color: #000000;\">In\u0161tal\u00e1cia a zarackovanie hardv\u00e9ru, kompletn\u00e1 konfigur\u00e1cia a nastavenie<\/span><\/p><\/div>\n<div class='content-column one_third'><p style=\"text-align: justify; padding: 15px;\"><span style=\"text-align: left; color: #0E7C7B;\"><strong><span class=\"wp-svg-unlocked unlocked\"><\/span> &nbsp; Zabezpe\u010denie<\/strong><\/span><br \/>\n<span style=\"color: #000000;\">Implement\u00e1cia ochrann\u00fdch prvkov pod\u013ea potreby, kompletn\u00e9 zabezpe\u010denie<\/span><\/p><\/div>\n<div class='content-column one_third last_column'><p style=\"text-align: justify; padding: 15px;\"><span style=\"text-align: left; color: #0E7C7B;\"><strong><span class=\"wp-svg-stats stats\"><\/span> &nbsp;  Monitoring a \u00fadr\u017eba<\/strong><\/span><br \/>\n<span style=\"color: #000000;\">St\u00e1ly doh\u013ead nad sie\u0165ou a rie\u0161enie pr\u00edpadn\u00fdch probl\u00e9mov, ladenie v\u00fdkonu<\/span><\/p><\/div><div class='clear_column'><\/div>\n<p>&nbsp;<\/p>\n<h2 style=\"color: #000000;\">Sie\u0165ov\u00e9 rie\u0161enia<\/h2>\n<p style=\"text-align: justify;\"><img loading=\"lazy\" decoding=\"async\" class=\"alignleft size-full wp-image-605\" src=\"http:\/\/netplus.sk\/wp-content\/uploads\/2015\/11\/pc-blue.png\" alt=\"pc-blue\" width=\"100\" height=\"100\" \/>Zameriavame sa na poskytovanie slu\u017eieb v oblasti sie\u0165ov\u00fdch technol\u00f3gi\u00ed a to najm\u00e4 projektovan\u00edm, implement\u00e1ciou a spr\u00e1vou firemn\u00fdch po\u010d\u00edta\u010dov\u00fdch siet\u00ed. Realizujeme dizajn, in\u0161tal\u00e1ciu, konfigur\u00e1ciu i servis dr\u00f4tov\u00fdch a bezdr\u00f4tov\u00fdch lok\u00e1lnych siet\u00ed, internetov\u00fdch a cloudov\u00fdch pripojen\u00ed, firewallov a in\u00fdch bezpe\u010dnostn\u00fdch zariaden\u00ed.<\/p>\n<p style=\"text-align: justify;\">Zabezpe\u010dujeme kompletn\u00fd servis od n\u00e1vrhnu cez realiz\u00e1ciu a\u017e po prev\u00e1dzku a \u00fadr\u017ebu firemn\u00fdch siet\u00ed od t\u00fdch najmen\u0161\u00edch s jedn\u00fdm zariaden\u00edm, a\u017e po tie najv\u00e4\u010d\u0161ie, komplexn\u00e9 so stovkami komponentov. Sme schopn\u00ed v\u00e1m pon\u00faknu\u0165 optim\u00e1lne, na mieru \u0161it\u00e9 rie\u0161enia za kr\u00e1tky \u010das a rozumn\u00e9 n\u00e1klady. \u010ci u\u017e za\u010d\u00ednate stava\u0165 na zelenej l\u00fake a vy\u017eaduje si kompletn\u00fd servis, ste zabehnut\u00fd podnik, ktor\u00fd h\u013ead\u00e1 cestu ako zoptimalizova\u0165 st\u00e1vajuc\u00fa infra\u0161trukt\u00faru alebo len potrebujete poradi\u0165 v oblasti, v ktorej sa nec\u00edtite celkom doma, sme tu pre V\u00e1s.<\/p>\n<div class='content-column one_third'><p style=\"text-align: justify; padding: 15px;\"><span style=\"text-align: left; color: #0E7C7B;\"><strong><span class=\"wp-svg-search-2 search-2\"><\/span>&nbsp; Audit siete<\/strong><\/span><br \/>\n<span style=\"color: #000000;\">Anal\u00fdza a zhodnotenie s\u00fa\u010dastn\u00e9ho stavu infra\u0161trukt\u00fary<\/span><\/p><\/div>\n<div class='content-column one_third'><p style=\"text-align: justify; padding: 15px;\"><span style=\"text-align: left; color: #0E7C7B;\"><strong><span class=\"wp-svg-pencil-2 pencil-2\"><\/span>&nbsp; N\u00e1vrh a dizajn<\/strong><\/span><br \/>\n<span style=\"color: #000000;\">Vypracovanie a navrhnutie optim\u00e1lneho zlo\u017eenia a n\u00e1sledn\u00e9ho prepojenia siete<\/span><\/p><\/div>\n<div class='content-column one_third last_column'><p style=\"text-align: justify; padding: 15px;\"><span style=\"text-align: left; color: #0E7C7B;\"><strong><span class=\"wp-svg-wrench wrench\"><\/span> &nbsp;Implement\u00e1cia a konfigur\u00e1cia<\/strong><\/span><br \/>\n<span style=\"color: #000000;\">In\u0161tal\u00e1cia a zarackovanie hardv\u00e9ru, kompletn\u00e1 konfigur\u00e1cia a nastavenie<\/span><\/p><\/div><div class='clear_column'><\/div>\n<div class='content-column one_third'><p style=\"text-align: justify; padding: 15px;\"><span style=\"text-align: left; color: #0E7C7B;\"><strong><span class=\"wp-svg-key-2 key-2\"><\/span> &nbsp; Zabezpe\u010denie<\/strong><\/span><br \/>\n<span style=\"color: #000000;\">Implement\u00e1cia bezpe\u010dnostn\u00fdch prvkov, zabezpe\u010denie siete pred \u00fanikom d\u00e1t<\/span><\/p><\/div>\n<div class='content-column one_third'><p style=\"text-align: justify; padding: 15px;\"><span style=\"text-align: left; color: #0E7C7B;\"><strong><span class=\"wp-svg-meter meter\"><\/span> &nbsp; \u0160k\u00e1lovanie<\/strong><\/span><br \/>\n<span style=\"color: #000000;\">Odstr\u00e1nenie latenci\u00ed, zv\u00fd\u0161enie v\u00fdkonu, zefekt\u00edvnenie d\u00e1tov\u00fdch tokov<\/span><\/p><\/div>\n<div class='content-column one_third last_column'><p style=\"text-align: justify; padding: 15px;\"><span style=\"text-align: left; color: #0E7C7B;\"><strong><span class=\"wp-svg-stats stats\"><\/span> &nbsp;  Monitoring<\/strong><\/span><br \/>\n<span style=\"color: #000000;\">SNMP monitoring, ukladanie historick\u00fdch d\u00e1t, alarmy formou emailu alebo SMS<\/span><\/p><\/div><div class='clear_column'><\/div>\n<p>&nbsp;<\/p>\n<h2 style=\"color: #000000;\">Servery a aplik\u00e1cie<\/h2>\n<p style=\"text-align: justify;\"><img loading=\"lazy\" decoding=\"async\" class=\"alignleft size-full wp-image-362\" src=\"http:\/\/netplus.sk\/wp-content\/uploads\/2015\/12\/blue-datacenter.png\" alt=\"\" width=\"100\" height=\"100\" \/>Pon\u00fakame spr\u00e1vu serverov \u010di u\u017e fyzick\u00fdch alebo virtu\u00e1lnych, u v\u00e1s v serverovni alebo niekde v cloude. Pom\u00f4\u017eeme v\u00e1m dosta\u0165 z va\u0161ich aplik\u00e1cii maxim\u00e1lny v\u00fdkon a z\u00e1rove\u0148 ich nastavi\u0165 tak aby fungovali spo\u013eahlivo. Samozrejmos\u0165ou slu\u017eby je s\u00fastavn\u00fd monitoring hardv\u00e9ru i softv\u00e9ru a okam\u017eit\u00e1 reakcia v pr\u00edpade zaznamenania probl\u00e9mov. Pod drobnoh\u013eadom bud\u00fa hlavne najm\u00e4 d\u00e1ta a ich bezpe\u010dnos\u0165. Dok\u00e1\u017eeme v\u00e1m navrhn\u00fa\u0165 a nakonfigurova\u0165 optim\u00e1lny z\u00e1lohovac\u00ed syst\u00e9m, aby va\u0161e s\u00fabory nikdy neboli v ohroz\u00ed a nedo\u0161lo k ich strate.<\/p>\n<div class='content-column one_third'><p style=\"text-align: justify; padding: 15px;\"><span style=\"text-align: left; color: #93827F;\"><strong><span class=\"wp-svg-storage storage\"><\/span>&nbsp; Fyzick\u00e9 servery<\/strong><\/span><br \/>\n<span style=\"color: #000000;\">In\u0161tal\u00e1cia a konfigur\u00e1cia serverov (HPE, Dell, ..) a vzdialenej spr\u00e1vy (iLO, iDrac, ..)<\/span><\/p><\/div>\n<div class='content-column one_third'><p style=\"text-align: justify; padding: 15px;\"><span style=\"text-align: left; color: #6BA292;\"><strong><span class=\"wp-svg-console console\"><\/span>&nbsp; Virtu\u00e1lne servery<\/strong><\/span><br \/>\n<span style=\"color: #000000;\">Spr\u00e1va a konfigur\u00e1cia hypervisorov <a href=\"https:\/\/www.vmware.com\" rel=\"noopener\" target=\"_blank\">VMware<\/a> alebo KVM<\/span><\/p><\/div>\n<div class='content-column one_third last_column'><p style=\"text-align: justify; padding: 15px;\"><span style=\"text-align: left; color: #35CE8D;\"><strong><span class=\"wp-svg-earth earth\"><\/span> &nbsp;Sie\u0165ov\u00e9 slu\u017eby<\/strong><\/span><br \/>\n<span style=\"color: #000000;\">Spr\u00e1va a mane\u017ement sie\u0165ov\u00fdch slu\u017eieb DHCP, DNS, Radius, LDAP<\/span><\/p><\/div><div class='clear_column'><\/div>\n<div class='content-column one_third'><p style=\"text-align: justify; padding: 15px;\"><span style=\"text-align: left; color: #35CE8D;\"><strong><span class=\"wp-svg-tux tux\"><\/span>&nbsp; Linux<\/strong><\/span><br \/>\n<span style=\"color: #000000;\">In\u0161tal\u00e1cia, konfigur\u00e1cia a spr\u00e1va linuxov\u00fdch distrib\u00facii RedHat, <a href=\"https:\/\/www.centos.org\" rel=\"noopener\" target=\"_blank\">Centos<\/a>, Debian, Ubuntu<\/span><\/p><\/div>\n<div class='content-column one_third'><p style=\"text-align: justify; padding: 15px;\"><span style=\"text-align: left; color: #93827F;\"><strong><span class=\"wp-svg-windows windows\"><\/span> &nbsp; Windows<\/strong><\/span><br \/>\n<span style=\"color: #000000;\">In\u0161tal\u00e1cia, konfigur\u00e1cia a spr\u00e1va windowsov\u00fdch serverov, servisov a aplik\u00e1ci\u00ed<\/span><\/p><\/div>\n<div class='content-column one_third last_column'><p style=\"text-align: justify; padding: 15px;\"><span style=\"text-align: left; color: #6BA292;\"><strong><span class=\"wp-svg-key key\"><\/span> &nbsp;  Bezpe\u010dnos\u0165<\/strong><\/span><br \/>\n<span style=\"color: #000000;\">Komplexn\u00e9 zabezpe\u010denie a ochrana opera\u010dn\u00fdch syst\u00e9mov na syst\u00e9movej \u00farovni<\/span><\/p><\/div><div class='clear_column'><\/div>\n<div class='content-column one_third'><p style=\"text-align: justify; padding: 15px;\"><span style=\"text-align: left; color: #6BA292;\"><strong><span class=\"wp-svg-envelop envelop\"><\/span> &nbsp; Email a Web<\/strong><\/span><br \/>\n<span style=\"color: #000000;\">Spr\u00e1va slu\u017eieb Postfix, Exchange, <a href=\"https:\/\/httpd.apache.org\" rel=\"noopener\" target=\"_blank\">Apache<\/a>, IIS, <a href=\"https:\/\/mariadb.org\" rel=\"noopener\" target=\"_blank\">MariaDB<\/a>, Postgresql<\/span><\/p><\/div>\n<div class='content-column one_third'><p style=\"text-align: justify; padding: 15px;\"><span style=\"text-align: left; color: #35CE8D;\"><strong><span class=\"wp-svg-disk disk\"><\/span> &nbsp; Z\u00e1lohovanie<\/strong><\/span><br \/>\n<span style=\"color: #000000;\">Konfigur\u00e1cia a spr\u00e1va z\u00e1lohovac\u00edch syst\u00e9mov Veeam, Bacula<\/span><\/p><\/div>\n<div class='content-column one_third last_column'><p style=\"text-align: justify; padding: 15px;\"><span style=\"text-align: left; color: #93827F;\"><strong><span class=\"wp-svg-stats stats\"><\/span> &nbsp;  Monitoring<\/strong><\/span><br \/>\n<span style=\"color: #000000;\">Komplexn\u00fd monitoring zariaden\u00ed pomocou SNMP, <a href=\"https:\/\/www.zabbix.com\" rel=\"noopener\" target=\"_blank\">Zabbix<\/a>, Cacti<\/span><\/p><\/div><div class='clear_column'><\/div>\n<p><img loading=\"lazy\" decoding=\"async\" src=\"http:\/\/netplus.sk\/wp-content\/uploads\/2018\/07\/page-services.jpg\" alt=\"\" width=\"1200\" height=\"671\" class=\"aligncenter size-full wp-image-1218\" srcset=\"https:\/\/netplus.sk\/wp-content\/uploads\/2018\/07\/page-services.jpg 1200w, https:\/\/netplus.sk\/wp-content\/uploads\/2018\/07\/page-services-300x168.jpg 300w, https:\/\/netplus.sk\/wp-content\/uploads\/2018\/07\/page-services-768x429.jpg 768w, https:\/\/netplus.sk\/wp-content\/uploads\/2018\/07\/page-services-1024x573.jpg 1024w\" sizes=\"auto, (max-width: 1200px) 100vw, 1200px\" \/><\/p>\n","protected":false},"excerpt":{"rendered":"<p>Wireless slu\u017eby Wireless slu\u017eby s\u00fa na\u0161a \u0161pecialita a venujeme sa im prioritne. Na\u0161\u00edm prvorad\u00fdm cie\u013eom je prinies\u0165 do ka\u017edej firmy bezdr\u00f4tov\u00fa sie\u0165, ktor\u00e1 nebude pre tradi\u010dn\u00fd ethernet iba konkurenciou, ale tak\u00fa sie\u0165 ktor\u00e1 ho prekon\u00e1, \u010di u\u017e po str\u00e1nke komfortu, r\u00fdchlosti a spo\u013eahlivosti, ale aj str\u00e1nke finan\u010dnej \u00faspory a implementa\u010dn\u00fdch n\u00e1kladov. Prin\u00e1\u0161ame rie\u0161enia vhodn\u00e9 pre najmen\u0161ie firmy s nieko\u013eko m\u00e1lo zamestnancami, cez stredn\u00e9 firmy a\u017e po najv\u00e4\u010d\u0161ie korpor\u00e1cie so stovkami u\u017e\u00edvate\u013eov. &nbsp; Sie\u0165ov\u00e9 rie\u0161enia Zameriavame sa na poskytovanie slu\u017eieb v oblasti sie\u0165ov\u00fdch technol\u00f3gi\u00ed a to najm\u00e4 projektovan\u00edm, implement\u00e1ciou a spr\u00e1vou firemn\u00fdch po\u010d\u00edta\u010dov\u00fdch siet\u00ed. Realizujeme dizajn, in\u0161tal\u00e1ciu, konfigur\u00e1ciu i servis dr\u00f4tov\u00fdch <a href=\"https:\/\/netplus.sk\/index.php\/sluzby\/\" class=\"read-more\">viac &#8230;<\/a><\/p>\n","protected":false},"author":1,"featured_media":0,"parent":0,"menu_order":2,"comment_status":"closed","ping_status":"closed","template":"","meta":{"footnotes":""},"class_list":["post-40","page","type-page","status-publish","hentry"],"_links":{"self":[{"href":"https:\/\/netplus.sk\/index.php\/wp-json\/wp\/v2\/pages\/40","targetHints":{"allow":["GET"]}}],"collection":[{"href":"https:\/\/netplus.sk\/index.php\/wp-json\/wp\/v2\/pages"}],"about":[{"href":"https:\/\/netplus.sk\/index.php\/wp-json\/wp\/v2\/types\/page"}],"author":[{"embeddable":true,"href":"https:\/\/netplus.sk\/index.php\/wp-json\/wp\/v2\/users\/1"}],"replies":[{"embeddable":true,"href":"https:\/\/netplus.sk\/index.php\/wp-json\/wp\/v2\/comments?post=40"}],"version-history":[{"count":70,"href":"https:\/\/netplus.sk\/index.php\/wp-json\/wp\/v2\/pages\/40\/revisions"}],"predecessor-version":[{"id":1377,"href":"https:\/\/netplus.sk\/index.php\/wp-json\/wp\/v2\/pages\/40\/revisions\/1377"}],"wp:attachment":[{"href":"https:\/\/netplus.sk\/index.php\/wp-json\/wp\/v2\/media?parent=40"}],"curies":[{"name":"wp","href":"https:\/\/api.w.org\/{rel}","templated":true}]}}