{"id":1554,"date":"2022-09-05T08:43:50","date_gmt":"2022-09-05T08:43:50","guid":{"rendered":"https:\/\/netplus.sk\/?page_id=1554"},"modified":"2022-09-05T09:56:32","modified_gmt":"2022-09-05T09:56:32","slug":"referencie","status":"publish","type":"page","link":"https:\/\/netplus.sk\/index.php\/referencie\/","title":{"rendered":"Referencie"},"content":{"rendered":"<p><a href=\"https:\/\/www.avex.sk\" rel=\"noopener\" target=\"_blank\"><strong>Avex electronics, s.r.o.<\/strong><\/a><br \/>\nJozef Florek, riadite\u013e IT oddelenia<\/p>\n<blockquote>\n<p style=\"text-align: justify\">Pri roz\u0161irovan\u00ed v\u00fdroby sme sa rozhodli, \u017ee obnov\u00edme HW a SW v celej fabrike. Oslovili sme spolo\u010dnos\u0165 NetworkPlus, ktor\u00e1 n\u00e1m okrem virtualiz\u00e1cie serverov navrhla nov\u00fa sie\u0165 tak, aby obsahovala v\u0161ade z\u00e1lo\u017en\u00e9 prepoje, preto\u017ee v\u00fdrobn\u00e9 stroje s\u00fa z\u00e1visl\u00e9 na pripojen\u00ed k datab\u00e1zam a prev\u00e1dzka mus\u00ed be\u017ea\u0165 nepretr\u017eite.  Taktie\u017e zaveden\u00edm NACu (Network Access Control), resp. kontrolovan\u00e9ho pr\u00edstupu do siete sme vyrie\u0161ili ne\u017eiad\u00face pripojenia do siete, kde zamestnanci si prip\u00e1jali svoje zariadenia a sp\u00f4sobovali t\u00fdm v\u00fdpadky infra\u0161trukt\u00fary.<\/p>\n<\/blockquote>\n<hr \/>\n<p><a href=\"https:\/\/evlyceum.sk\" rel=\"noopener\" target=\"_blank\"><strong>Evanjelick\u00e9 L\u00fdceum, Bratislava<\/strong><\/a><br \/>\nDu\u0161an Pista, ved\u00faci IKT<\/p>\n<blockquote>\n<p style=\"text-align: justify\">Mali sme dlhodobo pretrv\u00e1vaj\u00faci probl\u00e9m s pripojen\u00edm do na\u0161ej siete a to nie len cez WiFi ale i cez k\u00e1bel. Sie\u0165 bola nestabiln\u00e1 a to u\u017e pri pripojen\u00ed cca 50-tich pedag\u00f3gov. Pri takejto kvalite siete pripojenie \u017eiakov neprich\u00e1dzalo do \u00favahy. Firma NetworkPlus s.r.o. n\u00e1m spravila n\u00e1vrh a realiz\u00e1ciu IT infra\u0161trukt\u00fary s vysokokvalitnou zna\u010dkou pre bezdr\u00f4tov\u00e9 rie\u0161enia, zna\u010dkou Aruba. Od tej doby sa prip\u00e1ja do siete bez probl\u00e9mov cca 400 \u0161tudentov a cca 50 pedag\u00f3gov.<\/p>\n<\/blockquote>\n<hr \/>\n<p><a href=\"https:\/\/edm.sk\" rel=\"noopener\" target=\"_blank\"><strong>EDM, s.r.o<\/strong><\/a><br \/>\nVladim\u00edr Balcer\u010d\u00edk, majite\u013e<\/p>\n<blockquote>\n<p style=\"text-align: justify\">Na\u0161a firma sa venuje v\u00fdrobe elektro-mechanick\u00fdch syst\u00e9mov s v\u00fdvozom do cel\u00e9ho sveta. S rozrastaj\u00facou sa v\u00fdrobou narastala aj komplexita IT infra\u0161trukt\u00fary, preto sme potrebovali niekoho, kto by n\u00e1m pomohol stava\u0165 infra\u0161trukt\u00faru na z\u00e1klade IT \u201ebest practises\u201c a \u0161tandardov. Zaviedli sme VMWare virtualiz\u00e1ciu, z\u00e1lohovanie serverov, z\u00e1lohovanie sie\u0165ov\u00fdch prvkov, nov\u00fa WiFi sie\u0165 v celom objekte s pr\u00edstupom pre zamestnancov a host\u00ed. Cel\u00e1 infra\u0161trukt\u00fara je monitorovan\u00e1 24&#215;7 a v pr\u00edpade probl\u00e9mu je ihne\u010f vygenerovan\u00fd alarm, ktor\u00fd firma NetworkPlus za pomoci n\u00e1\u0161ho lok\u00e1lneho IT t\u00edmu rie\u0161i. Stabilita, redundacia a dostupnos\u0165, \u0161k\u00e1lovate\u013enos\u0165 a preh\u013eadnos\u0165 infra\u0161trukt\u00fary sa jednozna\u010dne zlep\u0161ila.<\/p>\n<\/blockquote>\n<hr \/>\n<p><a href=\"https:\/\/www.cytopathos.sk\" rel=\"noopener\" target=\"_blank\"><strong>Cytopathos, spol. s r.o.<\/strong><\/a><br \/>\nMarta Herz\u00e1nov\u00e1, konate\u013eka<\/p>\n<blockquote>\n<p style=\"text-align: justify\">Vo svete zdravotn\u00edctva sa kladie ve\u013ek\u00fd d\u00f4raz na bezpe\u010dnos\u0165 d\u00e1t. Preto bolo potrebn\u00e9 reorganizova\u0165 cel\u00fa infra\u0161trukt\u00fara z h\u013eadiska logick\u00e9ho prepojenia. Pred zmenou mali v\u0161etci u\u017e\u00edvate\u013eia pr\u00edstup k v\u0161etk\u00fdm serverom, dokonca mana\u017ement serverov bol dostupn\u00fd u\u017e\u00edvate\u013eom. Po \u00faprave sa servery, ktor\u00e9 musia by\u0165 pr\u00edstupn\u00e9 z internetu sa od\u010dlenili a izolovali od vn\u00fatornej siete. Taktie\u017e servery, ktor\u00e9 nepotrebuj\u00fa pr\u00edstup do internetu, boli od internetu odizolavan\u00e9. Pr\u00edstup do wifi siete bol zabezpe\u010den\u00fd autentifik\u00e1ciou cez certifik\u00e1ty, \u010do je moment\u00e1lne najbezpe\u010dnej\u0161ia forma pr\u00edstupu do internej siete. Zefekt\u00edvnilo sa z\u00e1lohovanie serverov, kde u\u017e z\u00e1lohovanie netrv\u00e1 tak dlho, \u017ee spoma\u013euje sie\u0165 po\u010das pracovnej doby. Na z\u00e1lohovanie sa pou\u017eilo pravidlo 3-2-1. V dne\u0161nej dobe COVIDu vela zamestnancov na\u0161ej spolo\u010dnosti pracuje taktie\u017e z domu, resp. v ter\u00e9ne. NetworkPlus n\u00e1m zabezpe\u010dila pr\u00edstup do centr\u00e1ly vzdialene zaveden\u00edm VPN pripojenia pomocou VPN klientov. NetworkPlus poskytuje neust\u00e1ly doh\u013ead nad sie\u0165ou, t\u00fdm p\u00e1dom vieme presne identifikova\u0165, \u010di v pr\u00edpade v\u00fdpadkov sa jedn\u00e1 o v\u00fdpadky na\u0161ej ifra\u0161trukt\u00fary resp. \u010di je to v\u00fdpadok poskytovate\u013ea internetu. <\/p>\n<\/blockquote>\n<hr \/>\n<p><a href=\"https:\/\/www.u-max.sk\" rel=\"noopener\" target=\"_blank\"><strong>U-Max, spol. s r.o.<\/strong><\/a><br \/>\nJaroslav Lajta, ved\u00faci IT<\/p>\n<blockquote>\n<p style=\"text-align: justify\">V na\u0161ich predajniach a skladoch sme z\u00e1visl\u00fd na bezdr\u00f4tov\u00fdch scaneroch \u010diarov\u00e9ho k\u00f3du pripojen\u00fdch na WiFi sie\u0165. Sign\u00e1l sa medzi reg\u00e1lmi \u0161\u00edri ve\u013emi \u0165a\u017eko. Mali sme dos\u0165 \u010dast\u00e9 v\u00fdpadky bezdr\u00f4tovej siete. Preto po konzult\u00e1cii s firmou NetworkPlus n\u00e1m firma urobila sie\u0165ov\u00fd audit, ktor\u00fd zah\u0155\u0148al aj meranie aktu\u00e1lneho stavu pokrytia a interferenci\u00ed existuj\u00facej WiFi siete, teoretick\u00fa simul\u00e1ciu nov\u00e9ho rozmiestnenia pr\u00edstupov\u00fdch bodov vzh\u013eadom na \u00fatlmy reg\u00e1lov, preverenie teoretick\u00e9ho n\u00e1vrhu v prexi met\u00f3dou APoS (AP on the Stick), kde sa pr\u00edstupov\u00fd bod do\u010dastne umiestni na ka\u017ed\u00fa poz\u00edciu vych\u00e1dzaj\u00facu z teoretick\u00e9ho n\u00e1vrhu. Po schv\u00e1len\u00ed poz\u00edci\u00ed pr\u00edstupov\u00fdch bodov sa pr\u00edstupov\u00e9 body nain\u0161talovali a op\u00e4\u0165 sa meran\u00edm preverila kvalita a pokrytie siete. Firma na n\u00e1vrh pou\u017eila kvalitn\u00e9 n\u00e1stroje od firmy Ekahau. Od tej doby sme s pripojen\u00edm na\u0161ich \u010d\u00edta\u010diek \u010diarov\u00fdch k\u00f3dov ve\u013emi spokojn\u00fd.<\/p>\n<\/blockquote>\n<hr \/>\n<p><strong>HVAC Europe s.r.o.<\/strong><br \/>\nPeter Jel\u00ednek, majite\u013e<\/p>\n<blockquote>\n<p style=\"text-align: justify\">Firma HVAC Europe s.r.o.  odk\u00fapila viacero firiem (Dobr\u00e1 Kl\u00edma s.r.o., KlimaPro AT), t\u00fdm p\u00e1dom vlastn\u00ed viacero pobo\u010diek a skladov na Slovensku. Bolo potrebn\u00e9 porie\u0161i\u0165 bezpe\u010dn\u00e9 prepojenie jednotliv\u00fdch pobo\u010diek a skladov. Firma NetworkPlus n\u00e1m realizovala prepojenie v\u0161etk\u00fdch pobo\u010diek sp\u00f4sobom, ktor\u00fd je bezpe\u010dn\u00fd a z\u00e1rove\u0148 pre zamestnancov je \u00faplne transparentn\u00fd, t.j. je jedno ktorej pobo\u010dke sa nach\u00e1dzaj\u00fa, preto\u017ee sp\u00f4sob pripojenia je v\u0161ade zabezpe\u010den\u00fd a pre u\u017e\u00edvate\u013ea transparentn\u00fd, dostupn\u00e9 zdroje\/servery s\u00fa pr\u00edstupn\u00e9 rovnako z ka\u017edej pobo\u010dky. Te\u0161\u00edma, \u017ee m\u00f4\u017eme spolu spolupracova\u0165.<\/p>\n<\/blockquote>\n<hr \/>\n<p><a href=\"https:\/\/www.daheimgastro.at\" rel=\"noopener\" target=\"_blank\"><strong>Daheim Gastro<\/strong><\/a><br \/>\nRudolf Urban, majite\u013e<\/p>\n<blockquote>\n<p style=\"text-align: justify\">Na\u0161a re\u0161taur\u00e1cia sa nach\u00e1dza vo frekventovanom n\u00e1kupnom centre Parndorf v Rak\u00fasku. Pre na\u0161ich z\u00e1kazn\u00edkov sme potrebovali vytvori\u0165 bezplatn\u00fa WiFi z\u00f3nu s uv\u00edtacou str\u00e1nkou, ktor\u00e1 by obsahovala marketingove inform\u00e1cie. NetworkPlus realizovali WiFi sie\u0165 s pripojen\u00edm pomocou \u201eCaptive Portal\u201c, kde si u\u017e\u00edvatelia m\u00f4\u017eu pre\u010d\u00edta\u0165 najsk\u00f4r z\u00e1kladn\u00e9 inform\u00e1cie o na\u0161ej ponuke a a\u017e potom maj\u00fa pr\u00edstup do internetu.<\/p>\n<\/blockquote>\n","protected":false},"excerpt":{"rendered":"<p>Avex electronics, s.r.o. Jozef Florek, riadite\u013e IT oddelenia Pri roz\u0161irovan\u00ed v\u00fdroby sme sa rozhodli, \u017ee obnov\u00edme HW a SW v celej fabrike. Oslovili sme spolo\u010dnos\u0165 NetworkPlus, ktor\u00e1 n\u00e1m okrem virtualiz\u00e1cie serverov navrhla nov\u00fa sie\u0165 tak, aby obsahovala v\u0161ade z\u00e1lo\u017en\u00e9 prepoje, preto\u017ee v\u00fdrobn\u00e9 stroje s\u00fa z\u00e1visl\u00e9 na pripojen\u00ed k datab\u00e1zam a prev\u00e1dzka mus\u00ed be\u017ea\u0165 nepretr\u017eite. Taktie\u017e zaveden\u00edm NACu (Network Access Control), resp. kontrolovan\u00e9ho pr\u00edstupu do siete sme vyrie\u0161ili ne\u017eiad\u00face pripojenia do siete, kde zamestnanci si prip\u00e1jali svoje zariadenia a sp\u00f4sobovali t\u00fdm v\u00fdpadky infra\u0161trukt\u00fary. Evanjelick\u00e9 L\u00fdceum, Bratislava Du\u0161an Pista, ved\u00faci IKT Mali sme dlhodobo pretrv\u00e1vaj\u00faci probl\u00e9m s pripojen\u00edm do na\u0161ej siete a <a href=\"https:\/\/netplus.sk\/index.php\/referencie\/\" class=\"read-more\">viac &#8230;<\/a><\/p>\n","protected":false},"author":1,"featured_media":0,"parent":0,"menu_order":4,"comment_status":"closed","ping_status":"closed","template":"","meta":{"footnotes":""},"class_list":["post-1554","page","type-page","status-publish","hentry"],"_links":{"self":[{"href":"https:\/\/netplus.sk\/index.php\/wp-json\/wp\/v2\/pages\/1554","targetHints":{"allow":["GET"]}}],"collection":[{"href":"https:\/\/netplus.sk\/index.php\/wp-json\/wp\/v2\/pages"}],"about":[{"href":"https:\/\/netplus.sk\/index.php\/wp-json\/wp\/v2\/types\/page"}],"author":[{"embeddable":true,"href":"https:\/\/netplus.sk\/index.php\/wp-json\/wp\/v2\/users\/1"}],"replies":[{"embeddable":true,"href":"https:\/\/netplus.sk\/index.php\/wp-json\/wp\/v2\/comments?post=1554"}],"version-history":[{"count":4,"href":"https:\/\/netplus.sk\/index.php\/wp-json\/wp\/v2\/pages\/1554\/revisions"}],"predecessor-version":[{"id":1561,"href":"https:\/\/netplus.sk\/index.php\/wp-json\/wp\/v2\/pages\/1554\/revisions\/1561"}],"wp:attachment":[{"href":"https:\/\/netplus.sk\/index.php\/wp-json\/wp\/v2\/media?parent=1554"}],"curies":[{"name":"wp","href":"https:\/\/api.w.org\/{rel}","templated":true}]}}