{"id":1426,"date":"2020-04-01T13:58:35","date_gmt":"2020-04-01T13:58:35","guid":{"rendered":"https:\/\/netplus.sk\/?page_id=1426"},"modified":"2022-09-05T08:53:27","modified_gmt":"2022-09-05T08:53:27","slug":"wifi","status":"publish","type":"page","link":"https:\/\/netplus.sk\/index.php\/wifi\/","title":{"rendered":"WiFi+"},"content":{"rendered":"<h3 style=\"text-align: center;\"><span style=\"font-family: arial, helvetica, sans-serif;\">Podnikov\u00e9 rie\u0161enia pre v\u0161etk\u00fdch v\u010faka slu\u017ebe <span style=\"color: #00ccff;\">WiFi+ <\/span><\/span><\/h3>\n<p style=\"font-family: verdana, geneva, sans-serif;\">Platforma WiFi+ prin\u00e1\u0161a jedine\u010dn\u00e9 mo\u017enosti prev\u00e1dzkovania bezdr\u00f4tov\u00fdch siet\u00ed. Zjednodu\u0161uje spr\u00e1vu u\u017e\u00edvate\u013eov, star\u00e1 sa o zabezpe\u010denie pripojenia, umo\u017e\u0148uje kompletn\u00e9 prisp\u00f4sobenie vzh\u013eadu a funkcionality prihlasovacieho port\u00e1lu a sprostredk\u00fava \u0161tatistiky pripojenia. <\/p>\n<p> &nbsp;<br \/>\n<div class='content-column one_fourth'><h4 style=\"color: #f26a6e; text-align: left; padding-left:30px;\"><span class=\"wp-svg-users users\"><\/span> Spr\u00e1va u\u017e\u00edvate\u013eov<\/h4>\n<p style=\"text-align: left; padding-left:30px;\"><span style=\"font-size: 10pt;\">centr\u00e1lna datab\u00e1za u\u017e\u00edvate\u013eov<\/span><br \/>\n<span style=\"font-size: 10pt;\">automatick\u00e1 registr\u00e1cia<\/span><br \/>\n<span style=\"font-size: 10pt;\">notifik\u00e1cia pomocou emailu\/SMS<\/span><br \/>\n<span style=\"font-size: 10pt;\">\u010dasovo obmedzen\u00e1 platnos\u0165 \u00fa\u010dtu<\/span><\/p><\/div><\/p>\n<div class='content-column one_fourth'><h4 style=\"color: #b3d678; text-align: left; padding-left:30px;\"><span class=\"wp-svg-lock lock\"><\/span> Bezpe\u010dn\u00fd pr\u00edstup<\/h4>\n<p style=\"text-align: left; padding-left:30px;\"><span style=\"font-size: 10pt;\">overenie pomocou WPA2 Enterprise<\/span><br \/>\n<span style=\"font-size: 10pt;\">zr\u00fdchlen\u00e9 prihl\u00e1senie v\u010faka MAC cache<\/span><br \/>\n<span style=\"font-size: 10pt;\">zabezpe\u010den\u00fd prihlasovac\u00ed port\u00e1l<\/span><br \/>\n<span style=\"font-size: 10pt;\">automatick\u00e1 expir\u00e1cia \u00fa\u010dtov<\/span><\/p><\/div>\n<div class='content-column one_fourth'><h4 style=\"color: #89ded9; text-align: left; padding-left:30px;\"><span class=\"wp-svg-firefox firefox\"><\/span> Prihlasovac\u00ed port\u00e1l<\/h4>\n<p style=\"text-align: left; padding-left:30px;\"><span style=\"font-size: 10pt;\">jedine\u010dn\u00e1 prezent\u00e1cia firmy<\/span><br \/>\n<span style=\"font-size: 10pt;\">prihlasovanie pomocou \u00fa\u010dtov<\/span><br \/>\n<span style=\"font-size: 10pt;\">automatick\u00e1 registr\u00e1cia host\u00ed<\/span><br \/>\n<span style=\"font-size: 10pt;\">zobrazenie reklamn\u00fdch ozn\u00e1men\u00ed<\/span><\/p><\/div>\n<div class='content-column one_fourth last_column'><h4 style=\"color: #4d4d4d;text-align: left; padding-left:30px;\"><span class=\"wp-svg-pie pie\"><\/span> Detailn\u00e9 \u0161tatistiky<\/h4>\n<p style=\"text-align: left; padding-left:30px;\"><span style=\"font-size: 10pt;\">objem prenesen\u00fdch d\u00e1t<\/span><br \/>\n<span style=\"font-size: 10pt;\">po\u010det prihl\u00e1sen\u00fdch u\u017e\u00edvate\u013eov<\/span><br \/>\n<span style=\"font-size: 10pt;\">vy\u0165a\u017eenie Access pointov<\/span><br \/>\n<span style=\"font-size: 10pt;\">trendy a anal\u00fdzy<\/span><\/p><\/div><div class='clear_column'><\/div><br \/>\n<br \/>\n<img loading=\"lazy\" decoding=\"async\" src=\"https:\/\/netplus.sk\/wp-content\/uploads\/2020\/03\/wifiportal_sms.jpg\" alt=\"wifi+ registracia uzivatelov\" width=\"800\" height=\"473\" class=\"aligncenter size-full wp-image-1465\" srcset=\"https:\/\/netplus.sk\/wp-content\/uploads\/2020\/03\/wifiportal_sms.jpg 800w, https:\/\/netplus.sk\/wp-content\/uploads\/2020\/03\/wifiportal_sms-300x177.jpg 300w, https:\/\/netplus.sk\/wp-content\/uploads\/2020\/03\/wifiportal_sms-768x454.jpg 768w, https:\/\/netplus.sk\/wp-content\/uploads\/2020\/03\/wifiportal_sms-500x296.jpg 500w\" sizes=\"auto, (max-width: 800px) 100vw, 800px\" \/><br \/>\n<\/p>\n<div  style=\"font-size: 20pt; text-align: left; padding-left: 40px;\">Registr\u00e1cia nov\u00fdch u\u017e\u00edvate\u013eov s <span style=\"color: #00ccff;\">WiFi+<\/span> je skuto\u010dne jednoduch\u00e1<\/div>\n<p style=\"padding-left: 20px; text-align: left;\">\n<span style=\"color: #000000; padding-left: 40px;\">1.&nbsp; U\u017e\u00edvate\u013eovi sa po pripojen\u00ed k bezdr\u00f4tovej sieti ur\u010denej pre n\u00e1v\u0161tevn\u00edkov zobraz\u00ed webov\u00fd port\u00e1l, pomocou ktor\u00e9ho sa zaregistruje<\/span><br \/>\n<span style=\"font-size: 10pt; padding-left: 60px;\">Pr\u00edstup do siete je mo\u017en\u00e9 vytv\u00e1ra\u0165 aj priamo na recepcii, respekt\u00edve sa m\u00f4\u017ee nastavi\u0165 nezabezpe\u010den\u00e1 hos\u0165ovsk\u00e1 sie\u0165 <\/span><br \/>\n<span style=\"color: #000000; padding-left: 40px;\">2.&nbsp; Spr\u00e1vca siete obdr\u017e\u00ed email so \u017eiados\u0165ou o povolenie pr\u00edstupu do siete, ktor\u00fa jedn\u00fdm klikom schv\u00e1li alebo zamietne<\/span><br \/>\n<span style=\"font-size: 10pt; padding-left: 60px;\">\u017diados\u0165 je pred schv\u00e1len\u00edm mo\u017en\u00e9 upravi\u0165 v port\u00e1li a zmeni\u0165 expir\u00e1ciu \u00fa\u010dtu, ktor\u00e1 je prednastaven\u00e1 na SSID<\/span><br \/>\n<span style=\"color: #000000; padding-left: 40px;\">3.&nbsp; Po schv\u00e1len\u00ed \u017eiadosti obdr\u017e\u00ed n\u00e1v\u0161tevn\u00edk SMS s pr\u00edstupov\u00fdmi \u00fadajmi pre pripojenie sa do siete<\/span><br \/>\n<span style=\"font-size: 10pt; padding-left: 60px;\">U\u017e\u00edvate\u013e je notifikovan\u00fd aj emailom a okrem toho sa mu prihlasovacie \u00fadaje zobrazia aj priamo v port\u00e1li.<\/span><br \/>\n<span style=\"color: #000000; padding-left: 40px;\">4.&nbsp; U\u017e\u00edvate\u013e n\u00e1sledne m\u00f4\u017ee neobmedzene vyu\u017e\u00edva\u0165 WiFi pripojenie a\u017e do obdobia k\u00fdm mu nevypr\u0161\u00ed \u00fa\u010det<\/span><br \/>\n<span style=\"font-size: 10pt; padding-left: 60px;\">Spr\u00e1vca siete m\u00f4\u017ee \u00fa\u010det kedyko\u013evek \u013eubovo\u013ene zmeni\u0165, ukon\u010di\u0165 platnos\u0165 sk\u00f4r, respekt\u00edve ju pred\u013a\u017ei\u0165<\/span><br \/>\n<br \/>&nbsp;<br \/>\n<div class='content-column one_third'><div style=\"color: #f26a6e; text-align: center;\"><span class=\"wp-svg-cabinet cabinet\"><\/span> WiFi+ &#038; AD <\/div>\n<p><\/p>\n<p style=\"text-align: justify; font-size: 10pt; padding-left: 20px;\">M\u00e1te vo firme <span style=\"color: #ffcccb;\"><a href=\"https:\/\/en.wikipedia.org\/wiki\/Active_Directory\" rel=\"noopener noreferrer\" target=\"_blank\">Active Directory<\/a><\/span> ? V\u00fdborne, zakomponujte ho do va\u0161ej siete a k\u00fdm hos\u0165ovsk\u00e9 \u00fa\u010dty bud\u00fa v spr\u00e1ve <span style=\"color: #00ccff;\">net+<\/span>, zamestnanci sa bud\u00fa overova\u0165 na firemn\u00fdch serveroch. Profesion\u00e1lne rie\u0161enie ur\u010den\u00e9 najn\u00e1ro\u010dnej\u0161\u00edm z\u00e1kazn\u00edkom.<\/p><\/div><\/p>\n<div class='content-column one_third'><div style=\"color: #b3d678; text-align: center;\"><span class=\"wp-svg-plus plus\"><\/span> WiFi+ standalone<\/div>\n<p><\/p>\n<p style=\"text-align: justify; font-size: 10pt;  padding-left: 20px;\"> Ste men\u0161ia firma a <span style=\"color: #ffcccb;\"><a href=\"https:\/\/en.wikipedia.org\/wiki\/Active_Directory\" rel=\"noopener noreferrer\" target=\"_blank\">Active Directory<\/a><\/span> nepotrebujete? Nevad\u00ed, o \u00fa\u010dty zamestnancov aj host\u00ed sa postar\u00e1 platforma z dielne <span style=\"color: #00ccff;\">net+<\/span>. V\u0161etci u\u017e\u00edvatelia bud\u00fa spravovan\u00fd z jedn\u00e9ho miesta a vy sa rozhodnete ak\u00fd typ pr\u00edstupu im prirad\u00edte.<\/p><\/div>\n<div class='content-column one_third last_column'><div style=\"color: #89ded9; text-align: center;\"><span class=\"wp-svg-cloud-3 cloud-3\"><\/span> WiFi+ Cloud<\/div>\n<p><\/p>\n<p style=\"text-align: justify; font-size: 10pt;  padding-left: 20px;\"> Ste mal\u00e1 prev\u00e1dzka a nevlastn\u00edte \u017eiaden server? Aj pre v\u00e1s m\u00e1me rie\u0161enie v podobe <span style=\"color: #00ccff;\">net+<\/span> Cloud rie\u0161enia, na ktor\u00e9ho spr\u00e1vu potrebujete iba webov\u00fd prehliada\u010d. O v\u0161etko ostatn\u00e9 sa postaraj\u00fa na\u0161e servery, ktor\u00e9 v\u00e1m bud\u00fa v dispoz\u00edcii 24\/7. <\/p><\/div><div class='clear_column'><\/div><br \/>\n<br \/>&nbsp;<br \/>\nNav\u0161t\u00edvte n\u00e1\u0161 <a href=\"https:\/\/netplus.sk\/index.php\/blog\/\">blog<\/a> a z\u00edskajte viac inform\u00e1ci\u00ed o platforme WiFi+. Nau\u010dte sa ako pracova\u0165 s port\u00e1lom, objasnite si technick\u00e9 detaily a zistite ako vyu\u017ei\u0165 jeho marketingov\u00fd potenci\u00e1l naplno.<br \/>\n<br \/>&nbsp;<\/p>\n<h4 style=\"text-align: center;\">Pozrite si nasledovn\u00e9 video, aby ste mali lep\u0161iu predstavu ako prebieha registr\u00e1cia u\u017e\u00edvate\u013ea s WiFi+<\/h4>\n<div style=\"width: 1140px;\" class=\"wp-video\"><!--[if lt IE 9]><script>document.createElement('video');<\/script><![endif]-->\n<video class=\"wp-video-shortcode\" id=\"video-1426-1\" width=\"1140\" height=\"641\" preload=\"metadata\" controls=\"controls\"><source type=\"video\/mp4\" src=\"https:\/\/netplus.sk\/wp-content\/uploads\/2020\/04\/notos-reg-hq.mp4?_=1\" \/><a href=\"https:\/\/netplus.sk\/wp-content\/uploads\/2020\/04\/notos-reg-hq.mp4\">https:\/\/netplus.sk\/wp-content\/uploads\/2020\/04\/notos-reg-hq.mp4<\/a><\/video><\/div>\n","protected":false},"excerpt":{"rendered":"<p>Podnikov\u00e9 rie\u0161enia pre v\u0161etk\u00fdch v\u010faka slu\u017ebe WiFi+ Platforma WiFi+ prin\u00e1\u0161a jedine\u010dn\u00e9 mo\u017enosti prev\u00e1dzkovania bezdr\u00f4tov\u00fdch siet\u00ed. Zjednodu\u0161uje spr\u00e1vu u\u017e\u00edvate\u013eov, star\u00e1 sa o zabezpe\u010denie pripojenia, umo\u017e\u0148uje kompletn\u00e9 prisp\u00f4sobenie vzh\u013eadu a funkcionality prihlasovacieho port\u00e1lu a sprostredk\u00fava \u0161tatistiky pripojenia. &nbsp; Registr\u00e1cia nov\u00fdch u\u017e\u00edvate\u013eov s WiFi+ je skuto\u010dne jednoduch\u00e1 1.&nbsp; U\u017e\u00edvate\u013eovi sa po pripojen\u00ed k bezdr\u00f4tovej sieti ur\u010denej pre n\u00e1v\u0161tevn\u00edkov zobraz\u00ed webov\u00fd port\u00e1l, pomocou ktor\u00e9ho sa zaregistruje Pr\u00edstup do siete je mo\u017en\u00e9 vytv\u00e1ra\u0165 aj priamo na recepcii, respekt\u00edve sa m\u00f4\u017ee nastavi\u0165 nezabezpe\u010den\u00e1 hos\u0165ovsk\u00e1 sie\u0165 2.&nbsp; Spr\u00e1vca siete obdr\u017e\u00ed email so \u017eiados\u0165ou o povolenie pr\u00edstupu do siete, ktor\u00fa jedn\u00fdm klikom schv\u00e1li alebo zamietne \u017diados\u0165 je pred <a href=\"https:\/\/netplus.sk\/index.php\/wifi\/\" class=\"read-more\">viac &#8230;<\/a><\/p>\n","protected":false},"author":1,"featured_media":0,"parent":0,"menu_order":1,"comment_status":"closed","ping_status":"closed","template":"","meta":{"footnotes":""},"class_list":["post-1426","page","type-page","status-publish","hentry"],"_links":{"self":[{"href":"https:\/\/netplus.sk\/index.php\/wp-json\/wp\/v2\/pages\/1426","targetHints":{"allow":["GET"]}}],"collection":[{"href":"https:\/\/netplus.sk\/index.php\/wp-json\/wp\/v2\/pages"}],"about":[{"href":"https:\/\/netplus.sk\/index.php\/wp-json\/wp\/v2\/types\/page"}],"author":[{"embeddable":true,"href":"https:\/\/netplus.sk\/index.php\/wp-json\/wp\/v2\/users\/1"}],"replies":[{"embeddable":true,"href":"https:\/\/netplus.sk\/index.php\/wp-json\/wp\/v2\/comments?post=1426"}],"version-history":[{"count":114,"href":"https:\/\/netplus.sk\/index.php\/wp-json\/wp\/v2\/pages\/1426\/revisions"}],"predecessor-version":[{"id":1549,"href":"https:\/\/netplus.sk\/index.php\/wp-json\/wp\/v2\/pages\/1426\/revisions\/1549"}],"wp:attachment":[{"href":"https:\/\/netplus.sk\/index.php\/wp-json\/wp\/v2\/media?parent=1426"}],"curies":[{"name":"wp","href":"https:\/\/api.w.org\/{rel}","templated":true}]}}