{"id":11,"date":"2015-06-06T23:26:41","date_gmt":"2015-06-06T23:26:41","guid":{"rendered":"http:\/\/netplus.sk\/?page_id=11"},"modified":"2022-09-05T08:52:30","modified_gmt":"2022-09-05T08:52:30","slug":"kontakt","status":"publish","type":"page","link":"https:\/\/netplus.sk\/index.php\/kontakt\/","title":{"rendered":"Kontakt"},"content":{"rendered":"<div class='content-column one_fourth'><p style=\"text-align: center; color: #000000;\"><span style=\"font-size: 24pt;\"><span class=\"wp-svg-mail-2 mail-2\"><\/span><\/span><br \/>\n<strong> Kontakt <\/strong><br \/>\nnetplus@netplus.sk<br \/>\nwww.netplus.sk<\/p><\/div>\n<div class='content-column one_fourth'><p style=\"text-align: center; color: #000000;\"><span style=\"font-size: 24pt;\"><span class=\"wp-svg-location location\"><\/span><\/span><br \/>\n<strong>Adresa<\/strong><br \/>\nNetworkPlus s.r.o<br \/>\nTolst\u00e9ho 5<br \/>\nBratislava 811 06<\/p><\/div>\n<div class='content-column one_fourth'><p style=\"text-align: center; color: #000000;\"><span style=\"font-size: 24pt;\"><span class=\"wp-svg-phone phone\"><\/span><\/span><br \/>\n<strong>Telef\u00f3n<\/strong><br \/>\n+421 915 249 815<br \/>\n+421 917 909 884<\/p><\/div>\n<div class='content-column one_fourth last_column'><p style=\"text-align: center; color: #000000;\"><span style=\"font-size: 24pt;\"><span class=\"wp-svg-barcode barcode\"><\/span><\/span><br \/>\n<strong>Faktura\u010dn\u00e9 \u00fadaje<\/strong><br \/>\ni\u010do: 50101668<br \/>\ndi\u010d: 2120319520<br \/>\ni\u010d dph: SK2120319520<\/p><\/div><div class='clear_column'><\/div><br \/>\n&nbsp;<\/p>\n<p style=\"text-align: center;\">Spolo\u010dnos\u0165 je zap\u00edsan\u00e1 v obchodnom registri Okresn\u00e9ho s\u00fadu Bratislava I, oddiel Sro, vlo\u017eka \u010d. 108529\/B&#8221;<\/p>\n<p style=\"text-align: justify;\"><img loading=\"lazy\" decoding=\"async\" class=\"alignleft size-full wp-image-453\" src=\"http:\/\/netplus.sk\/wp-content\/uploads\/2015\/12\/blue-bublina.png\" alt=\"Kontakt\" width=\"100\" height=\"100\" \/><em>V pr\u00edpade ak\u00fdchko\u013evek ot\u00e1zok alebo nejasnost\u00ed n\u00e1s nev\u00e1hajte kontaktova\u0165, \u010di u\u017e emailom na netplus@netplus.sk alebo priamo telefonicky na jednom z vy\u0161\u0161ie uveden\u00fdch mobiln\u00fdch \u010d\u00edsiel. Na v\u0161etky va\u0161e dotazy alebo koment\u00e1re radi zareagujeme a ot\u00e1zky zodpovieme.\u00a0V pr\u00edpade z\u00e1ujmu o na\u0161e slu\u017eby si tie\u017e vieme dohodn\u00fa\u0165 osobn\u00fd kontakt, pri ktorom sa m\u00f4\u017eeme porozpr\u00e1va\u0165 o detailoch <\/p>\n<p style=\"text-align: left;\">\n&nbsp;<br \/>\n<div id=\"wpgmza_map\" class=\"wpgmza_map\" data-settings='{\"id\":\"1\",\"map_title\":\"kontakt\",\"map_width\":\"1200\",\"map_height\":\"400\",\"map_start_lat\":\"48.147077\",\"map_start_lng\":\"17.109930\",\"map_start_location\":\"48.147077,17.109929999999963\",\"map_start_zoom\":\"15\",\"default_marker\":\"0\",\"type\":\"1\",\"alignment\":\"2\",\"directions_enabled\":\"1\",\"styling_enabled\":\"0\",\"styling_json\":\"\",\"active\":\"0\",\"kml\":\"\",\"bicycle\":\"0\",\"traffic\":\"0\",\"dbox\":\"1\",\"dbox_width\":\"250\",\"listmarkers\":\"0\",\"listmarkers_advanced\":\"0\",\"filterbycat\":\"0\",\"ugm_enabled\":\"0\",\"ugm_category_enabled\":\"0\",\"fusion\":\"\",\"map_width_type\":\"px\",\"map_height_type\":\"px\",\"mass_marker_support\":\"1\",\"ugm_access\":\"0\",\"order_markers_by\":\"1\",\"order_markers_choice\":\"2\",\"show_user_location\":\"0\",\"default_to\":\"\",\"other_settings\":{\"store_locator_enabled\":2,\"store_locator_distance\":2,\"store_locator_default_radius\":\"10\",\"store_locator_not_found_message\":\"No results found in this location. Please try again.\",\"store_locator_bounce\":1,\"store_locator_query_string\":\"ZIP \\\/ Address:\",\"store_locator_default_address\":\"\",\"wpgmza_store_locator_restrict\":\"\",\"store_locator_style\":\"legacy\",\"wpgmza_store_locator_radius_style\":\"legacy\",\"map_max_zoom\":\"1\",\"transport_layer\":0,\"wpgmza_theme_data\":\"[{\\\\\\\"featureType\\\\\\\":\\\\\\\"landscape\\\\\\\",\\\\\\\"stylers\\\\\\\":[{\\\\\\\"saturation\\\\\\\":-100},{\\\\\\\"lightness\\\\\\\":65},{\\\\\\\"visibility\\\\\\\":\\\\\\\"on\\\\\\\"}]},{\\\\\\\"featureType\\\\\\\":\\\\\\\"poi\\\\\\\",\\\\\\\"stylers\\\\\\\":[{\\\\\\\"saturation\\\\\\\":-100},{\\\\\\\"lightness\\\\\\\":51},{\\\\\\\"visibility\\\\\\\":\\\\\\\"simplified\\\\\\\"}]},{\\\\\\\"featureType\\\\\\\":\\\\\\\"road.highway\\\\\\\",\\\\\\\"stylers\\\\\\\":[{\\\\\\\"saturation\\\\\\\":-100},{\\\\\\\"visibility\\\\\\\":\\\\\\\"simplified\\\\\\\"}]},{\\\\\\\"featureType\\\\\\\":\\\\\\\"road.arterial\\\\\\\",\\\\\\\"stylers\\\\\\\":[{\\\\\\\"saturation\\\\\\\":-100},{\\\\\\\"lightness\\\\\\\":30},{\\\\\\\"visibility\\\\\\\":\\\\\\\"on\\\\\\\"}]},{\\\\\\\"featureType\\\\\\\":\\\\\\\"road.local\\\\\\\",\\\\\\\"stylers\\\\\\\":[{\\\\\\\"saturation\\\\\\\":-100},{\\\\\\\"lightness\\\\\\\":40},{\\\\\\\"visibility\\\\\\\":\\\\\\\"on\\\\\\\"}]},{\\\\\\\"featureType\\\\\\\":\\\\\\\"transit\\\\\\\",\\\\\\\"stylers\\\\\\\":[{\\\\\\\"saturation\\\\\\\":-100},{\\\\\\\"visibility\\\\\\\":\\\\\\\"simplified\\\\\\\"}]},{\\\\\\\"featureType\\\\\\\":\\\\\\\"administrative.province\\\\\\\",\\\\\\\"stylers\\\\\\\":[{\\\\\\\"visibility\\\\\\\":\\\\\\\"off\\\\\\\"}]},{\\\\\\\"featureType\\\\\\\":\\\\\\\"water\\\\\\\",\\\\\\\"elementType\\\\\\\":\\\\\\\"labels\\\\\\\",\\\\\\\"stylers\\\\\\\":[{\\\\\\\"visibility\\\\\\\":\\\\\\\"on\\\\\\\"},{\\\\\\\"lightness\\\\\\\":-25},{\\\\\\\"saturation\\\\\\\":-100}]},{\\\\\\\"featureType\\\\\\\":\\\\\\\"water\\\\\\\",\\\\\\\"elementType\\\\\\\":\\\\\\\"geometry\\\\\\\",\\\\\\\"stylers\\\\\\\":[{\\\\\\\"hue\\\\\\\":\\\\\\\"#ffff00\\\\\\\"},{\\\\\\\"lightness\\\\\\\":-25},{\\\\\\\"saturation\\\\\\\":-97}]}]\",\"wpgmza_theme_selection\":3,\"wpgmza_show_points_of_interest\":1}}' data-map-id='1' Data-maps-engine='google-maps' data-shortcode-attributes='{\"id\":\"1\"}' style=\"display:block; overflow:auto; width:1200px; height:400px; float:left;\"><\/div><br \/>\n&nbsp;<\/p>\n<p style=\"text-align: justify\">Mnoho firiem berie WiFi projekty ako nutn\u00e9 zlo a v\u00fdsledok potom tak aj vyzer\u00e1. Ak v\u0161ak nechcete zveri\u0165 svoju sie\u0165ov\u00fa infra\u0161trukt\u00faru niekomu, kto nevie ani presne \u010do ide robi\u0165, neuvedomuje si \u0161pecifik\u00e1 a skryt\u00e9 n\u00e1strahy WiFi siet\u00ed, sk\u00faste <a href=\"https:\/\/netplus.sk\">Net+<\/a> a zist\u00edte, \u017ee aj WiFi vie by\u0165 spo\u013eahliv\u00e9 a bezpe\u010dn\u00e9 pripojenie do intranetu alebo internetu.<\/p>\n<p>&nbsp;<br \/>\n<a href=\"http:\/\/dilbert.com\" target=\"_blank\" rel=\"noopener noreferrer\"><img loading=\"lazy\" decoding=\"async\" class=\"aligncenter size-full wp-image-1345\" src=\"https:\/\/netplus.sk\/wp-content\/uploads\/2018\/08\/dilbert.png\" alt=\"\" width=\"865\" height=\"273\" srcset=\"https:\/\/netplus.sk\/wp-content\/uploads\/2018\/08\/dilbert.png 865w, https:\/\/netplus.sk\/wp-content\/uploads\/2018\/08\/dilbert-300x95.png 300w, https:\/\/netplus.sk\/wp-content\/uploads\/2018\/08\/dilbert-768x242.png 768w\" sizes=\"auto, (max-width: 865px) 100vw, 865px\" \/><\/a><\/p>\n","protected":false},"excerpt":{"rendered":"<p>&nbsp; Spolo\u010dnos\u0165 je zap\u00edsan\u00e1 v obchodnom registri Okresn\u00e9ho s\u00fadu Bratislava I, oddiel Sro, vlo\u017eka \u010d. 108529\/B&#8221; V pr\u00edpade ak\u00fdchko\u013evek ot\u00e1zok alebo nejasnost\u00ed n\u00e1s nev\u00e1hajte kontaktova\u0165, \u010di u\u017e emailom na netplus@netplus.sk alebo priamo telefonicky na jednom z vy\u0161\u0161ie uveden\u00fdch mobiln\u00fdch \u010d\u00edsiel. Na v\u0161etky va\u0161e dotazy alebo koment\u00e1re radi zareagujeme a ot\u00e1zky zodpovieme.\u00a0V pr\u00edpade z\u00e1ujmu o na\u0161e slu\u017eby si tie\u017e vieme dohodn\u00fa\u0165 osobn\u00fd kontakt, pri ktorom sa m\u00f4\u017eeme porozpr\u00e1va\u0165 o detailoch &nbsp; &nbsp; Mnoho firiem berie WiFi projekty ako nutn\u00e9 zlo a v\u00fdsledok potom tak aj vyzer\u00e1. Ak v\u0161ak nechcete zveri\u0165 svoju sie\u0165ov\u00fa infra\u0161trukt\u00faru niekomu, kto nevie ani presne \u010do ide robi\u0165, <a href=\"https:\/\/netplus.sk\/index.php\/kontakt\/\" class=\"read-more\">viac &#8230;<\/a><\/p>\n","protected":false},"author":1,"featured_media":0,"parent":0,"menu_order":6,"comment_status":"closed","ping_status":"closed","template":"","meta":{"footnotes":""},"class_list":["post-11","page","type-page","status-publish","hentry"],"_links":{"self":[{"href":"https:\/\/netplus.sk\/index.php\/wp-json\/wp\/v2\/pages\/11","targetHints":{"allow":["GET"]}}],"collection":[{"href":"https:\/\/netplus.sk\/index.php\/wp-json\/wp\/v2\/pages"}],"about":[{"href":"https:\/\/netplus.sk\/index.php\/wp-json\/wp\/v2\/types\/page"}],"author":[{"embeddable":true,"href":"https:\/\/netplus.sk\/index.php\/wp-json\/wp\/v2\/users\/1"}],"replies":[{"embeddable":true,"href":"https:\/\/netplus.sk\/index.php\/wp-json\/wp\/v2\/comments?post=11"}],"version-history":[{"count":121,"href":"https:\/\/netplus.sk\/index.php\/wp-json\/wp\/v2\/pages\/11\/revisions"}],"predecessor-version":[{"id":1552,"href":"https:\/\/netplus.sk\/index.php\/wp-json\/wp\/v2\/pages\/11\/revisions\/1552"}],"wp:attachment":[{"href":"https:\/\/netplus.sk\/index.php\/wp-json\/wp\/v2\/media?parent=11"}],"curies":[{"name":"wp","href":"https:\/\/api.w.org\/{rel}","templated":true}]}}